{"id":263,"date":"2021-03-08T19:12:22","date_gmt":"2021-03-08T19:12:22","guid":{"rendered":"http:\/\/dibasa.mx\/?page_id=263"},"modified":"2021-03-08T19:13:01","modified_gmt":"2021-03-08T19:13:01","slug":"objeto","status":"publish","type":"page","link":"https:\/\/dibasa.mx\/index.php\/objeto\/","title":{"rendered":"Objeto"},"content":{"rendered":"\n<div class=\"wp-block-themeisle-blocks-advanced-columns has-1-columns has-desktop-equal-layout has-tablet-equal-layout has-mobile-equal-layout has-default-gap has-vertical-unset\" id=\"wp-block-themeisle-blocks-advanced-columns-9d19a67c\"><div class=\"wp-block-themeisle-blocks-advanced-columns-overlay\"><\/div><div class=\"innerblocks-wrap\">\n<div class=\"wp-block-themeisle-blocks-advanced-column\" id=\"wp-block-themeisle-blocks-advanced-column-590a2cdd\">\n<p>Proveer a los clientes de la manera m\u00e1s r\u00e1pida y oportuna con el mejor producto, calidad y precio, aportando lo necesario para contribuir con ellos a ser m\u00e1s competitivos.<\/p>\n<\/div>\n<\/div><\/div>\n","protected":false},"excerpt":{"rendered":"","protected":false},"author":3,"featured_media":0,"parent":0,"menu_order":0,"comment_status":"closed","ping_status":"closed","template":"","meta":{"footnotes":""},"class_list":["post-263","page","type-page","status-publish","hentry"],"_links":{"self":[{"href":"https:\/\/dibasa.mx\/index.php\/wp-json\/wp\/v2\/pages\/263","targetHints":{"allow":["GET"]}}],"collection":[{"href":"https:\/\/dibasa.mx\/index.php\/wp-json\/wp\/v2\/pages"}],"about":[{"href":"https:\/\/dibasa.mx\/index.php\/wp-json\/wp\/v2\/types\/page"}],"author":[{"embeddable":true,"href":"https:\/\/dibasa.mx\/index.php\/wp-json\/wp\/v2\/users\/3"}],"replies":[{"embeddable":true,"href":"https:\/\/dibasa.mx\/index.php\/wp-json\/wp\/v2\/comments?post=263"}],"version-history":[{"count":2,"href":"https:\/\/dibasa.mx\/index.php\/wp-json\/wp\/v2\/pages\/263\/revisions"}],"predecessor-version":[{"id":265,"href":"https:\/\/dibasa.mx\/index.php\/wp-json\/wp\/v2\/pages\/263\/revisions\/265"}],"wp:attachment":[{"href":"https:\/\/dibasa.mx\/index.php\/wp-json\/wp\/v2\/media?parent=263"}],"curies":[{"name":"wp","href":"https:\/\/api.w.org\/{rel}","templated":true}]}}